{"id":20194,"date":"2021-09-20T14:04:31","date_gmt":"2021-09-20T13:04:31","guid":{"rendered":"https:\/\/www.arminonbike.com\/sobre-mi-2\/"},"modified":"2023-10-20T18:04:26","modified_gmt":"2023-10-20T17:04:26","slug":"sobre-mi","status":"publish","type":"page","link":"https:\/\/www.arminonbike.com\/es\/sobre-mi\/","title":{"rendered":"Sobre m\u00ed"},"content":{"rendered":"<div class=\"wpb-content-wrapper\"><p>[vc_section][vc_row][vc_column][vc_column_text]<\/p>\n<h2 style=\"text-align: center;\"><strong>Armin Hoyer es <span style=\"color: #e2001a;\">ARMIN<\/span> <span style=\"color: #9c9d9f;\">ON BIKE<\/span> y <span style=\"color: #e2001a;\">ARMIN<\/span> <span style=\"color: #009ee0;\">ELECTRIC<\/span><\/strong><\/h2>\n<h2 style=\"text-align: center;\">Blogger | Periodista | Creador de contenido<\/h2>\n<p>[\/vc_column_text][\/vc_column][\/vc_row][vc_row][vc_column width=\u00bb2\/3&#8243;][vc_column_text]Mi nombre es Armin Hoyer, nacido en Linz (Austria). He vivido unos 30 a\u00f1os en Viena y actualmente resido en el estado austriaco de Tirol. Tras varios a\u00f1os trabajando en empresas multinacionales, constitu\u00ed mi propia consultor\u00eda de marketing y ventas. Hoy trabajo como consultor de comunicaci\u00f3n y creador de contenido en el sector de la movilidad.<\/p>\n<p>Desde los 16 a\u00f1os llevo montando en motos de dos ruedas. En aquel momento empez\u00f3 mi periodo con scooter, que ha durado nada m\u00e1s y nada menos que 16 a\u00f1os. Durante ese periodo tambi\u00e9n me adentr\u00e9 en el mundo de la bicicleta de monta\u00f1a, donde form\u00e9 parte de un equipo unos 5 a\u00f1os hasta llegar a participar en el Downhill World Cup. En el a\u00f1o 2000 dio comienzo mi \u00e9poca de Enduro, participando en el 2007 en la serie de carreras del \u201cAustrian Cross Country Championship\u201c, formando parte del equipo de carreras de Enduro X-IT4 \u201cJust for fun\u201c. El mero hecho de participar en este evento supuso m\u00e1s que una victoria.<\/p>\n<p>Despu\u00e9s de unos a\u00f1os de par\u00f3n en el mundo del motociclismo, adquir\u00ed una moto naked que a\u00fan hoy d\u00eda conduzco en mi vida personal. En el a\u00f1o 2016 descubr\u00ed mi amor por el motociclismo, el cual compart\u00ed al mundo iniciando este blog en mayo de 2017. Con el paso del tiempo, a\u00f1ad\u00ed pruebas de motocicletas, as\u00ed como eventos. Al mismo tiempo, la movilidad el\u00e9ctrica empez\u00f3 a suscitar mi inter\u00e9s; desde los veh\u00edculos de dos ruedas hasta los autom\u00f3viles.[\/vc_column_text][\/vc_column][vc_column width=\u00bb1\/3&#8243;][vc_single_image image=\u00bb24375&#8243; img_size=\u00bbfull\u00bb alignment=\u00bbcenter\u00bb][\/vc_column][\/vc_row][vc_row][vc_column][vc_column_text]<\/p>\n<h3><strong>LO QUE HAGO<\/strong><\/h3>\n<p>En mi blog <strong><span style=\"color: #e2001a;\">ARMIN<\/span> <span style=\"color: #9c9d9f;\">ON BIKE<\/span><\/strong> narro mis viajes de aventura en moto por Austria y otros pa\u00edses vecinos. Asimismo, pruebo veh\u00edculos de dos ruedas y soy invitado por fabricantes a eventos del mundo del motociclismo o visitar exposiciones. Como period\u00edstica online acreditado, he informado en ocasiones sobre el mundial de motociclismo de MotoGP. En el papel de <strong><span style=\"color: #e2001a;\">ARMIN<\/span> <span style=\"color: #009ee0;\">ELECTRIC<\/span><\/strong>, abarco temas relacionados con la movilidad el\u00e9ctrica. El objetivo principal de este proyecto es probar veh\u00edculos el\u00e9ctricos y comprobar su infraestructura de carga. Paralelamente, tambi\u00e9n informo de todas las actividades en mis Redes Sociales.<\/p>\n<p>En la empresa <strong><span style=\"color: #e2001a;\">ARMIN<\/span> <span style=\"color: #9c9d9f;\">HOYER<\/span> <span style=\"color: #000000;\">Communications<\/span><\/strong>, creo contenido en forma de fotograf\u00edas, v\u00eddeos y art\u00edculos sobre el sector del motociclismo. Adem\u00e1s, como periodista freelance del motor y experto en comunicaci\u00f3n, redacto contenido editorial y comunicados de prensa para mis clientes. Entre mis clientes se encuentran conocidos peri\u00f3dicos, medios de comunicaci\u00f3n en l\u00ednea, as\u00ed como fabricantes y concesionarios de veh\u00edculos.[\/vc_column_text][\/vc_column][\/vc_row][\/vc_section]<\/p>\n<\/div>","protected":false},"excerpt":{"rendered":"<p>[vc_section][vc_row][vc_column][vc_column_text] Armin Hoyer es ARMIN ON BIKE y ARMIN ELECTRIC Blogger | Periodista | Creador de contenido [\/vc_column_text][\/vc_column][\/vc_row][vc_row][vc_column width=\u00bb2\/3&#8243;][vc_column_text]Mi nombre es Armin Hoyer, nacido en Linz (Austria). He vivido unos 30 a\u00f1os en Viena y actualmente resido en el estado austriaco de Tirol. Tras varios a\u00f1os trabajando en empresas multinacionales, constitu\u00ed mi propia consultor\u00eda de [&hellip;]<\/p>\n","protected":false},"author":1,"featured_media":0,"parent":0,"menu_order":0,"comment_status":"closed","ping_status":"closed","template":"","meta":{"_monsterinsights_skip_tracking":false,"_monsterinsights_sitenote_active":false,"_monsterinsights_sitenote_note":"","_monsterinsights_sitenote_category":0,"footnotes":""},"_links":{"self":[{"href":"https:\/\/www.arminonbike.com\/es\/wp-json\/wp\/v2\/pages\/20194"}],"collection":[{"href":"https:\/\/www.arminonbike.com\/es\/wp-json\/wp\/v2\/pages"}],"about":[{"href":"https:\/\/www.arminonbike.com\/es\/wp-json\/wp\/v2\/types\/page"}],"author":[{"embeddable":true,"href":"https:\/\/www.arminonbike.com\/es\/wp-json\/wp\/v2\/users\/1"}],"replies":[{"embeddable":true,"href":"https:\/\/www.arminonbike.com\/es\/wp-json\/wp\/v2\/comments?post=20194"}],"version-history":[{"count":0,"href":"https:\/\/www.arminonbike.com\/es\/wp-json\/wp\/v2\/pages\/20194\/revisions"}],"wp:attachment":[{"href":"https:\/\/www.arminonbike.com\/es\/wp-json\/wp\/v2\/media?parent=20194"}],"curies":[{"name":"wp","href":"https:\/\/api.w.org\/{rel}","templated":true}]}}