{"id":20113,"date":"2021-09-20T14:04:31","date_gmt":"2021-09-20T13:04:31","guid":{"rendered":"https:\/\/www.arminonbike.com\/a-propos\/"},"modified":"2023-10-20T18:03:52","modified_gmt":"2023-10-20T17:03:52","slug":"a-propos","status":"publish","type":"page","link":"https:\/\/www.arminonbike.com\/fr\/a-propos\/","title":{"rendered":"\u00c0 propos"},"content":{"rendered":"<div class=\"wpb-content-wrapper\"><p>[vc_section][vc_row][vc_column][vc_column_text]<\/p>\n<h2 style=\"text-align: center;\"><strong>Armin Hoyer est <span style=\"color: #e2001a;\">ARMIN<\/span> <span style=\"color: #9c9d9f;\">ON BIKE<\/span> et <span style=\"color: #e2001a;\">ARMIN<\/span> <span style=\"color: #009ee0;\">ELECTRIC<\/span><\/strong><\/h2>\n<h2 style=\"text-align: center;\">Blogger | Journalist | Digital Content Creator<\/h2>\n<p>[\/vc_column_text][\/vc_column][\/vc_row][vc_row][vc_column width=\u00a0\u00bb2\/3&Prime;][vc_column_text]Je m\u2019appelle Armin Hoyer. Je suis n\u00e9 \u00e0 Linz (Autriche), j&rsquo;ai v\u00e9cu \u00e0 Vienne pendant plus de 30 ans et habite maintenant dans le district de Kitzb\u00fchel. Apr\u00e8s avoir travaill\u00e9 plusieurs ann\u00e9es dans des soci\u00e9t\u00e9s internationales, j\u2019ai d\u00e9cid\u00e9 de cr\u00e9er ma propre entreprise de conseil en gestion de marketing et distribution. Aujourd&rsquo;hui, je travaille comme consultante en communication et cr\u00e9atrice de contenu dans l&rsquo;industrie de la mobilit\u00e9.<\/p>\n<p>Depuis l\u2019\u00e2ge de mes 16 ans, je me d\u00e9place en deux-roues motoris\u00e9. C&rsquo;est alors qu&rsquo;a commenc\u00e9 ma carri\u00e8re de scooter, qui a dur\u00e9 16 ans. Pendant cette p\u00e9riode, j&rsquo;ai \u00e9galement fait un d\u00e9tour par la sc\u00e8ne du VTT, o\u00f9 j&rsquo;ai couru avec mon \u00e9quipe pendant cinq ans, jusqu&rsquo;\u00e0 la Downhill Word Cup. En 2000, j\u2019ai d\u00e9but\u00e9 ma p\u00e9riode Enduro. En 2007, j&rsquo;ai particip\u00e9 au championnat autrichien de cross-country (ACC) au sein de l&rsquo;\u00e9quipe de course d&rsquo;enduro X-IT4 \u00ab\u00a0Just for Fun\u00a0\u00bb. Mais il s&rsquo;agissait bien plus d&rsquo;\u00eatre l\u00e0 que de gagner.<\/p>\n<p>Apr\u00e8s plusieurs ann\u00e9es de pause de conduite de moto, je me suis achet\u00e9 un Naked Bike avec lequel je fais encore aujourd\u2019hui des trajets personnels. En 2016 j\u2019ai d\u00e9couvert mon amour pour les voyages en moto. J&rsquo;ai commenc\u00e9 ce blog en mai 2017 pour pouvoir en rendre compte. Au fil du temps, des tests de moto et des \u00e9v\u00e9nements ont \u00e9t\u00e9 ajout\u00e9s. C&rsquo;est alors que j&rsquo;ai commenc\u00e9 \u00e0 m&rsquo;int\u00e9resser \u00e0 l&rsquo;\u00e9lectromobilit\u00e9. Commen\u00e7ant par les deux-roues, elle s&rsquo;est ensuite \u00e9tendue aux automobiles.[\/vc_column_text][\/vc_column][vc_column width=\u00a0\u00bb1\/3&Prime;][vc_single_image image=\u00a0\u00bb24373&Prime; img_size=\u00a0\u00bbfull\u00a0\u00bb alignment=\u00a0\u00bbcenter\u00a0\u00bb][\/vc_column][\/vc_row][vc_row][vc_column][vc_column_text]<\/p>\n<h3><strong>CE QUE JE FAIS<\/strong><\/h3>\n<p>Sur mon blog, je t\u00e9moigne en tant que <strong><span style=\"color: #e2001a;\">ARMIN<\/span> <span style=\"color: #9c9d9f;\">ON BIKE<\/span><\/strong> des aventures en moto en Autriche et les autres pays. En outre, je teste des deux-roues et, dans ce cadre, je suis invit\u00e9 par les fabricants \u00e0 des \u00e9v\u00e9nements de lancement ou \u00e0 des salons professionnels. En tant que journaliste en ligne accr\u00e9dit\u00e9 j&rsquo;ai d\u00e9j\u00e0 effectu\u00e9 plusieurs reportages du championnat du monde de moto MotoGP. Dans le r\u00f4le de <strong><span style=\"color: #e2001a;\">ARMIN<\/span> <span style=\"color: #009ee0;\">ELECTRIC<\/span><\/strong><\/p>\n<p>je traite des th\u00e8mes autour de l\u2019\u00e9lectromobilit\u00e9. L&rsquo;accent est mis sur l&rsquo;essai de nouveaux v\u00e9hicules et d&rsquo;infrastructures de recharge. En plus du blog, je fais \u00e9galement \u00e9tat des activit\u00e9s dans mes r\u00e9seaux sociaux. Avec l\u2019entreprise <strong><span style=\"color: #e2001a;\">ARMIN<\/span> <span style=\"color: #9c9d9f;\">HOYER<\/span> <span style=\"color: #000000;\">Communications <\/span><\/strong>je cr\u00e9e du contenu sous forme de photos, vid\u00e9os et texte pour le secteur de la mobilit\u00e9. En tant que journaliste automobile ind\u00e9pendant et expert en communication, je r\u00e9dige des textes r\u00e9dactionnels et des communiqu\u00e9s de presse pour mes clients. Il s&rsquo;agit notamment de quotidiens connus, de m\u00e9dias en ligne ainsi que de constructeurs et de concessionnaires automobiles.<\/p>\n<p>[\/vc_column_text][\/vc_column][\/vc_row][\/vc_section]<\/p>\n<\/div>","protected":false},"excerpt":{"rendered":"<p>[vc_section][vc_row][vc_column][vc_column_text] Armin Hoyer est ARMIN ON BIKE et ARMIN ELECTRIC Blogger | Journalist | Digital Content Creator [\/vc_column_text][\/vc_column][\/vc_row][vc_row][vc_column width=\u00a0\u00bb2\/3&Prime;][vc_column_text]Je m\u2019appelle Armin Hoyer. Je suis n\u00e9 \u00e0 Linz (Autriche), j&rsquo;ai v\u00e9cu \u00e0 Vienne pendant plus de 30 ans et habite maintenant dans le district de Kitzb\u00fchel. Apr\u00e8s avoir travaill\u00e9 plusieurs ann\u00e9es dans des soci\u00e9t\u00e9s internationales, j\u2019ai [&hellip;]<\/p>\n","protected":false},"author":1,"featured_media":0,"parent":0,"menu_order":0,"comment_status":"closed","ping_status":"closed","template":"","meta":{"_monsterinsights_skip_tracking":false,"_monsterinsights_sitenote_active":false,"_monsterinsights_sitenote_note":"","_monsterinsights_sitenote_category":0,"footnotes":""},"_links":{"self":[{"href":"https:\/\/www.arminonbike.com\/fr\/wp-json\/wp\/v2\/pages\/20113"}],"collection":[{"href":"https:\/\/www.arminonbike.com\/fr\/wp-json\/wp\/v2\/pages"}],"about":[{"href":"https:\/\/www.arminonbike.com\/fr\/wp-json\/wp\/v2\/types\/page"}],"author":[{"embeddable":true,"href":"https:\/\/www.arminonbike.com\/fr\/wp-json\/wp\/v2\/users\/1"}],"replies":[{"embeddable":true,"href":"https:\/\/www.arminonbike.com\/fr\/wp-json\/wp\/v2\/comments?post=20113"}],"version-history":[{"count":0,"href":"https:\/\/www.arminonbike.com\/fr\/wp-json\/wp\/v2\/pages\/20113\/revisions"}],"wp:attachment":[{"href":"https:\/\/www.arminonbike.com\/fr\/wp-json\/wp\/v2\/media?parent=20113"}],"curies":[{"name":"wp","href":"https:\/\/api.w.org\/{rel}","templated":true}]}}